{"id":108,"date":"2025-03-24T12:41:38","date_gmt":"2025-03-24T12:41:38","guid":{"rendered":"https:\/\/www.streitsagt.no\/?page_id=108"},"modified":"2025-03-24T13:05:43","modified_gmt":"2025-03-24T13:05:43","slug":"kommer-snart-coming-soon","status":"publish","type":"page","link":"https:\/\/www.streitsagt.no\/","title":{"rendered":"Kommer snart\/Coming soon"},"content":{"rendered":"\t\t<div data-elementor-type=\"wp-page\" data-elementor-id=\"108\" class=\"elementor elementor-108\">\n\t\t\t\t\t\t<section class=\"elementor-section elementor-top-section elementor-element elementor-element-9d0905a elementor-section-boxed elementor-section-height-default elementor-section-height-default\" data-id=\"9d0905a\" data-element_type=\"section\">\n\t\t\t\t\t\t<div class=\"elementor-container elementor-column-gap-default\">\n\t\t\t\t\t<div class=\"elementor-column elementor-col-100 elementor-top-column elementor-element elementor-element-118396c\" data-id=\"118396c\" data-element_type=\"column\">\n\t\t\t<div class=\"elementor-widget-wrap elementor-element-populated\">\n\t\t\t\t\t\t<div class=\"elementor-element elementor-element-bf3af20 elementor-widget elementor-widget-heading\" data-id=\"bf3af20\" data-element_type=\"widget\" data-widget_type=\"heading.default\">\n\t\t\t\t<div class=\"elementor-widget-container\">\n\t\t\t\t\t<h1 class=\"elementor-heading-title elementor-size-default\">Vi bygger nytt..<\/h1>\t\t\t\t<\/div>\n\t\t\t\t<\/div>\n\t\t\t\t<div class=\"elementor-element elementor-element-3430ee6 elementor-widget elementor-widget-text-editor\" data-id=\"3430ee6\" data-element_type=\"widget\" data-widget_type=\"text-editor.default\">\n\t\t\t\t<div class=\"elementor-widget-container\">\n\t\t\t\t\t\t\t\t\t<p>Vi jobber akkurat n\u00e5 med \u00e5 gi streitsagt.no et l\u00f8ft \u2013 med nye funksjoner, oppdatert innhold og en bedre opplevelse for deg.<\/p><p>I mellomtiden er vi fortsatt her for deg, og du er alltid velkommen til \u00e5 ta kontakt dersom du har sp\u00f8rsm\u00e5l eller trenger noe.<\/p><p><br data-start=\"416\" data-end=\"419\" \/>Takk for t\u00e5lmodigheten \u2013 vi gleder oss til \u00e5 vise deg det nye!<\/p>\t\t\t\t\t\t\t\t<\/div>\n\t\t\t\t<\/div>\n\t\t\t\t\t<\/div>\n\t\t<\/div>\n\t\t\t\t\t<\/div>\n\t\t<\/section>\n\t\t\t\t<\/div>\n\t\t","protected":false},"excerpt":{"rendered":"<p>Vi bygger nytt.. Vi jobber akkurat n\u00e5 med \u00e5 gi streitsagt.no et l\u00f8ft \u2013 med nye funksjoner, oppdatert innhold og en bedre opplevelse for deg. I mellomtiden er vi fortsatt her for deg, og du er alltid velkommen til \u00e5 ta kontakt dersom du har sp\u00f8rsm\u00e5l eller trenger noe. Takk for t\u00e5lmodigheten \u2013 vi gleder [&hellip;]<\/p>\n","protected":false},"author":1,"featured_media":0,"parent":0,"menu_order":0,"comment_status":"closed","ping_status":"closed","template":"","meta":{"footnotes":""},"class_list":["post-108","page","type-page","status-publish","hentry"],"acf":[],"_links":{"self":[{"href":"https:\/\/www.streitsagt.no\/index.php?rest_route=\/wp\/v2\/pages\/108","targetHints":{"allow":["GET"]}}],"collection":[{"href":"https:\/\/www.streitsagt.no\/index.php?rest_route=\/wp\/v2\/pages"}],"about":[{"href":"https:\/\/www.streitsagt.no\/index.php?rest_route=\/wp\/v2\/types\/page"}],"author":[{"embeddable":true,"href":"https:\/\/www.streitsagt.no\/index.php?rest_route=\/wp\/v2\/users\/1"}],"replies":[{"embeddable":true,"href":"https:\/\/www.streitsagt.no\/index.php?rest_route=%2Fwp%2Fv2%2Fcomments&post=108"}],"version-history":[{"count":7,"href":"https:\/\/www.streitsagt.no\/index.php?rest_route=\/wp\/v2\/pages\/108\/revisions"}],"predecessor-version":[{"id":127,"href":"https:\/\/www.streitsagt.no\/index.php?rest_route=\/wp\/v2\/pages\/108\/revisions\/127"}],"wp:attachment":[{"href":"https:\/\/www.streitsagt.no\/index.php?rest_route=%2Fwp%2Fv2%2Fmedia&parent=108"}],"curies":[{"name":"wp","href":"https:\/\/api.w.org\/{rel}","templated":true}]}}